{"id":1299,"date":"2021-08-05T20:44:33","date_gmt":"2021-08-05T20:44:33","guid":{"rendered":"https:\/\/acrintel.com\/?page_id=1299"},"modified":"2021-08-05T21:55:31","modified_gmt":"2021-08-05T21:55:31","slug":"elementor-1299","status":"publish","type":"page","link":"https:\/\/acrintel.com\/?page_id=1299","title":{"rendered":"Elementor #1299"},"content":{"rendered":"\t\t<div data-elementor-type=\"wp-page\" data-elementor-id=\"1299\" class=\"elementor elementor-1299\">\n\t\t\t\t\t\t\t\t\t<section class=\"elementor-section elementor-top-section elementor-element elementor-element-e7420a1 elementor-section-boxed elementor-section-height-default elementor-section-height-default\" data-id=\"e7420a1\" data-element_type=\"section\">\n\t\t\t\t\t\t<div class=\"elementor-container elementor-column-gap-default\">\n\t\t\t\t\t<div class=\"elementor-column elementor-col-100 elementor-top-column elementor-element elementor-element-ba2f2f0\" data-id=\"ba2f2f0\" data-element_type=\"column\">\n\t\t\t<div class=\"elementor-widget-wrap elementor-element-populated\">\n\t\t\t\t\t\t\t\t<section class=\"elementor-section elementor-inner-section elementor-element elementor-element-e076444 elementor-section-boxed elementor-section-height-default elementor-section-height-default\" data-id=\"e076444\" data-element_type=\"section\">\n\t\t\t\t\t\t<div class=\"elementor-container elementor-column-gap-default\">\n\t\t\t\t\t<div class=\"elementor-column elementor-col-50 elementor-inner-column elementor-element elementor-element-fb0f02c\" data-id=\"fb0f02c\" data-element_type=\"column\">\n\t\t\t<div class=\"elementor-widget-wrap elementor-element-populated\">\n\t\t\t\t\t\t\t\t<div class=\"elementor-element elementor-element-3ac0e02 elementor-widget elementor-widget-image\" data-id=\"3ac0e02\" data-element_type=\"widget\" data-widget_type=\"image.default\">\n\t\t\t\t<div class=\"elementor-widget-container\">\n\t\t\t\t\t\t\t\t\t\t\t\t\t\t\t\t<a href=\"https:\/\/acrintel.com\/\">\n\t\t\t\t\t\t\t<img decoding=\"async\" src=\"https:\/\/acrintel.com\/wp-content\/uploads\/elementor\/thumbs\/cropped-LOGO-ACRI-MTY2-1-p0l8153ymv1p2d9uf7zlbruynsxi62n9cs65dmgzjc.png\" title=\"cropped-LOGO-ACRI-MTY2-1.png\" alt=\"cropped-LOGO-ACRI-MTY2-1.png\" loading=\"lazy\" \/>\t\t\t\t\t\t\t\t<\/a>\n\t\t\t\t\t\t\t\t\t\t\t\t\t\t\t<\/div>\n\t\t\t\t<\/div>\n\t\t\t\t\t<\/div>\n\t\t<\/div>\n\t\t\t\t<div class=\"elementor-column elementor-col-50 elementor-inner-column elementor-element elementor-element-d2496b9\" data-id=\"d2496b9\" data-element_type=\"column\">\n\t\t\t<div class=\"elementor-widget-wrap elementor-element-populated\">\n\t\t\t\t\t\t\t\t<div class=\"elementor-element elementor-element-bdfe07f elementor-align-center elementor-widget elementor-widget-button\" data-id=\"bdfe07f\" data-element_type=\"widget\" data-widget_type=\"button.default\">\n\t\t\t\t<div class=\"elementor-widget-container\">\n\t\t\t\t\t<div class=\"elementor-button-wrapper\">\n\t\t\t<a class=\"elementor-button elementor-button-link elementor-size-xl\" href=\"https:\/\/acrintel.com\/\">\n\t\t\t\t\t\t<span class=\"elementor-button-content-wrapper\">\n\t\t\t\t\t\t<span class=\"elementor-button-icon elementor-align-icon-left\">\n\t\t\t\t<i aria-hidden=\"true\" class=\"fas fa-home\"><\/i>\t\t\t<\/span>\n\t\t\t\t\t\t<span class=\"elementor-button-text\">Regresar al inicio<\/span>\n\t\t<\/span>\n\t\t\t\t\t<\/a>\n\t\t<\/div>\n\t\t\t\t<\/div>\n\t\t\t\t<\/div>\n\t\t\t\t\t<\/div>\n\t\t<\/div>\n\t\t\t\t\t\t\t<\/div>\n\t\t<\/section>\n\t\t\t\t\t<\/div>\n\t\t<\/div>\n\t\t\t\t\t\t\t<\/div>\n\t\t<\/section>\n\t\t\t\t<section class=\"elementor-section elementor-top-section elementor-element elementor-element-e73be6c elementor-reverse-tablet elementor-reverse-mobile elementor-section-boxed elementor-section-height-default elementor-section-height-default\" data-id=\"e73be6c\" data-element_type=\"section\">\n\t\t\t\t\t\t<div class=\"elementor-container elementor-column-gap-default\">\n\t\t\t\t\t<div class=\"elementor-column elementor-col-100 elementor-top-column elementor-element elementor-element-869d705\" data-id=\"869d705\" data-element_type=\"column\">\n\t\t\t<div class=\"elementor-widget-wrap elementor-element-populated\">\n\t\t\t\t\t\t\t\t<div class=\"elementor-element elementor-element-9b20407 elementor-widget elementor-widget-text-editor\" data-id=\"9b20407\" data-element_type=\"widget\" data-widget_type=\"text-editor.default\">\n\t\t\t\t<div class=\"elementor-widget-container\">\n\t\t\t\t\t\t\t<header><h1>Pol\u00edtica De Privacidad<\/h1><\/header><div><div data-elementor-type=\"wp-page\" data-elementor-id=\"1377\" data-elementor-settings=\"[]\"><div><div><section data-id=\"2ba65b3c\" data-element_type=\"section\"><div><div><div data-id=\"3e392fd9\" data-element_type=\"column\"><div><div><div data-id=\"3e182815\" data-element_type=\"widget\" data-widget_type=\"text-editor.default\"><div><div><p>RESPONSABLE DEL TRATAMIENTO DE SUS DATOS PERSONALES\u00a0Administraci\u00f3n y Control de Recursos Inteligentes S.A de C.V. , es el responsable del tratamiento de los datos personales que nos proporcione, de acuerdo a los lineamientos establecidos por el Instituto Nacional de Transparencia, Acceso a la Informaci\u00f3n y Protecci\u00f3n de Datos Personales (INAI). \u00a0 Los datos personales que recabamos de usted, los utilizaremos para generar una base de datos de las personas que deseen obtener informaci\u00f3n sobre el contenido de nuestra p\u00e1gina en las materias de Derecho Fiscal, Derecho Administrativo, Derecho Laboral, Seguro Social y todo lo que concierne a\u00a0\u00a0Administraci\u00f3n y Control de Recursos Inteligentes S.A de C.V.. \u00a0\u00a0DOMICILIO DEL RESPONSABLE\u00a0\u00a0\u00a0Avenida Lazaro Cardenas N\u00famero 1810, piso 10 Suite 1008, Colonia del Paseo Residencial, Monterrey. C.P. 64920. El domicilio establecido esta para o\u00edr y recibir notificaciones. \u00a0\u00a0DATOS PERSONALES QUE SE UTILIZARAN Y SUS FINES\u00a0\u00a0 Los datos personales que se recaben, se utilizaran con la finalidad de cumplir con los servicios que nos solicitan entre los que destacan:<\/p><ul><li>Servicios en consultor\u00eda en administraci\u00f3n<\/li><li>Bufetes jur\u00eddicos<\/li><li>Asociaciones, organizaciones y c\u00e1maras de productores, comerciantes y prestadores de servicios<\/li><li>Servicios de apoyo para efectuar tr\u00e1mites legales<\/li><li>Suministro de personal permanente<\/li><li>Servicios de administraci\u00f3n de negocios<\/li><li>Servicio de contabilidad y auditor\u00eda<\/li><\/ul><p>Los datos personales que le solicitaremos para llevar acabo las finalidades de cada servicio son:<\/p><ul><li>Nombre (s) y apellidos<\/li><li>Domicilio<\/li><li>Estado Civil<\/li><li>Fecha de Nacimiento<\/li><li>N\u00fameros telef\u00f3nicos<\/li><li>Direcciones de correos electr\u00f3nicos<\/li><li>Datos laborales<\/li><li>Datos acad\u00e9micos.<\/li><\/ul><p>Adem\u00e1s de los datos personales mencionados anteriormente, para las finalidades informadas en el presente Aviso de Privacidad, utilizaremos los siguientes datos personales considerados como sensibles, que requieren de especial protecci\u00f3n:<\/p><ul><li>Datos de cuentas bancarias<\/li><li>Datos de su situaci\u00f3n fiscal<\/li><li>Datos de su estado de salud<\/li><li>Resultados de evaluaciones realizadas en los diversos m\u00f3dulos de nuestros sistemas<\/li><\/ul><p>Sus datos personales tambi\u00e9n podr\u00e1n utilizarse para los siguientes fines que, aunque no son necesarios para el servicio que solicita, nos permiten y facilitan brindarle una mejor atenci\u00f3n:<\/p><ul><li>Fines mercadot\u00e9cnicos, estad\u00edsticos, de marketing o de prospecci\u00f3n comercial<\/li><\/ul><p>TRANSFERENCIA DE DATOS PERSONALES DENTRO DE M\u00c9XICO\u00a0\u00a0\u00a0Los datos personales que se recaben en el registro de nuestro sitio web www.acrintel.com nos servir\u00e1n a manera de respaldo y de generar una base de datos de la informaci\u00f3n que nos solicitan, la cual ser\u00e1 compartida de manera interna con las Sociedades de\u00a0Administraci\u00f3n y Control de Recursos Inteligentes S.A de C.V., por lo que es importante que usted este enterado, de que sus datos se encuentran protegidos en virtud de que dichas Sociedades operan y cuentan con una Pol\u00edtica de Protecci\u00f3n de Datos Personales y tambi\u00e9n con una Pol\u00edtica de Protecci\u00f3n de Datos y Privacidad, no se requiere el consentimiento de usted como titular de los datos, por ser uno de los supuestos previstos en el art\u00edculo 37 de la Ley Federal de Protecci\u00f3n de Datos Personales en Posesi\u00f3n de los Particulares. \u00a0 De manera reiterativa le hacemos de su conocimiento que sus datos personales no ser\u00e1n compartidos ni utilizados a manera de comercializaci\u00f3n con terceros fuera del corporativo. \u00a0\u00a0MEDIOS PARA EJERCER LOS DERECHOS DE ACCESO, RECTIFICACI\u00d3N, CANCELACI\u00d3N Y OPOSICI\u00d3N (DERECHOS ARCO)\u00a0\u00a0\u00a0En atenci\u00f3n a lo dispuesto en los art\u00edculos 28 al 31 de la citada Ley, usted tiene derecho a acceder a sus datos personales que tenemos en nuestro poder y a los detalles del tratamiento de los mismos, as\u00ed como la rectificaci\u00f3n en caso de ser inexactos o incompletos; cancelarlos cuando considere que no se requieren para algunas de las finalidades se\u00f1aladas o est\u00e9n siendo utilizados para finalidades no consentidas, u oponerse al tratamiento de los mismos para fines espec\u00edficos. \u00a0 En caso de que no desee que sus datos personales sean tratados para las finalidades de\u00a0Administraci\u00f3n y Control de Recursos Inteligentes S.A de C.V., usted puede manifestarlo mediante un escrito libre ante el \u00e1rea que recabe los datos, correo electr\u00f3nico, plataforma electr\u00f3nica u otras, considerar que debe ser previo al tratamiento de los datos, y deber\u00e1 contener al menos las siguientes causas:<\/p><ul><li>Indicar la raz\u00f3n de la solicitud de derechos ARCO<\/li><li>Indicar el nombre completo del solicitante y medio de contacto para responder su solicitud<\/li><li>Adjuntar a la solicitud la documentaci\u00f3n que acredite la identidad del solicitante (IFE, pasaporte vigente, c\u00e9dula profesional)<\/li><li>Indicar el tipo de solicitud a realizar: acceso, rectificaci\u00f3n, cancelaci\u00f3n, oposici\u00f3n<\/li><li>Indicar lugar y fecha de la solicitud, nombre y firma aut\u00f3grafa del solicitante.<\/li><\/ul><p>Una vez hecha la solicitud, recibir\u00e1 una respuesta de nuestra parte en un plazo m\u00e1ximo de 20 d\u00edas h\u00e1biles por medio del contacto que haya hecho la petici\u00f3n. \u00a0\u00a0MODIFICACIONES AL AVISO DE PRIVACIDAD\u00a0\u00a0\u00a0Administraci\u00f3n y Control de Recursos Inteligentes S.A de C.V. se reserva los derechos de que el presente Aviso de Privacidad presente algunos cambios, modificaciones y\/o actualizaciones, ya sean estos por un nuevo requerimiento legal, por necesidad de algunos de los servicios que ofrecemos, o alguna otra causa. \u00a0 Todos los cambios, modificaciones y\/o actualizaciones se informar\u00e1n y dar\u00e1n a conocer <span style=\"font-size: 15px; color: var( --e-global-color-text ); font-family: var( --e-global-typography-text-font-family ), Sans-serif;\"> a trav\u00e9s de nuestro sitio web.<\/span><\/p><\/div><\/div><\/div><\/div><\/div><\/div><\/div><\/div><\/section><\/div><\/div><\/div><\/div>\t\t\t\t\t\t<\/div>\n\t\t\t\t<\/div>\n\t\t\t\t\t<\/div>\n\t\t<\/div>\n\t\t\t\t\t\t\t<\/div>\n\t\t<\/section>\n\t\t\t\t\t\t\t<\/div>\n\t\t","protected":false},"excerpt":{"rendered":"<p>Regresar al inicio Pol\u00edtica De Privacidad RESPONSABLE DEL TRATAMIENTO DE SUS DATOS PERSONALES\u00a0Administraci\u00f3n y Control de Recursos Inteligentes S.A de C.V. , es el responsable del tratamiento de los datos personales que nos proporcione, de acuerdo a los lineamientos establecidos por el Instituto Nacional de Transparencia, Acceso a la Informaci\u00f3n y Protecci\u00f3n de Datos Personales &hellip;<\/p>\n<p class=\"read-more\"> <a class=\"\" href=\"https:\/\/acrintel.com\/?page_id=1299\"> <span class=\"screen-reader-text\">Elementor #1299<\/span> Leer m\u00e1s &raquo;<\/a><\/p>\n","protected":false},"author":1,"featured_media":0,"parent":0,"menu_order":0,"comment_status":"closed","ping_status":"closed","template":"elementor_header_footer","meta":{"site-sidebar-layout":"no-sidebar","site-content-layout":"page-builder","ast-site-content-layout":"","site-content-style":"default","site-sidebar-style":"default","ast-global-header-display":"","ast-banner-title-visibility":"","ast-main-header-display":"","ast-hfb-above-header-display":"","ast-hfb-below-header-display":"","ast-hfb-mobile-header-display":"","site-post-title":"disabled","ast-breadcrumbs-content":"","ast-featured-img":"disabled","footer-sml-layout":"","theme-transparent-header-meta":"default","adv-header-id-meta":"","stick-header-meta":"","header-above-stick-meta":"","header-main-stick-meta":"","header-below-stick-meta":"","astra-migrate-meta-layouts":"","footnotes":""},"_links":{"self":[{"href":"https:\/\/acrintel.com\/index.php?rest_route=\/wp\/v2\/pages\/1299"}],"collection":[{"href":"https:\/\/acrintel.com\/index.php?rest_route=\/wp\/v2\/pages"}],"about":[{"href":"https:\/\/acrintel.com\/index.php?rest_route=\/wp\/v2\/types\/page"}],"author":[{"embeddable":true,"href":"https:\/\/acrintel.com\/index.php?rest_route=\/wp\/v2\/users\/1"}],"replies":[{"embeddable":true,"href":"https:\/\/acrintel.com\/index.php?rest_route=%2Fwp%2Fv2%2Fcomments&post=1299"}],"version-history":[{"count":49,"href":"https:\/\/acrintel.com\/index.php?rest_route=\/wp\/v2\/pages\/1299\/revisions"}],"predecessor-version":[{"id":1361,"href":"https:\/\/acrintel.com\/index.php?rest_route=\/wp\/v2\/pages\/1299\/revisions\/1361"}],"wp:attachment":[{"href":"https:\/\/acrintel.com\/index.php?rest_route=%2Fwp%2Fv2%2Fmedia&parent=1299"}],"curies":[{"name":"wp","href":"https:\/\/api.w.org\/{rel}","templated":true}]}}